{"id":543,"date":"2022-03-17T23:39:44","date_gmt":"2022-03-17T23:39:44","guid":{"rendered":"https:\/\/misterspecialties.com\/?page_id=543"},"modified":"2022-04-06T00:13:44","modified_gmt":"2022-04-06T00:13:44","slug":"responsabilidad-social","status":"publish","type":"page","link":"https:\/\/misterspecialties.com\/es\/responsabilidad-social\/","title":{"rendered":"Responsabilidad social"},"content":{"rendered":"<div data-elementor-type=\"wp-page\" data-elementor-id=\"543\" class=\"elementor elementor-543\" data-elementor-post-type=\"page\">\n\t\t\t\t\t\t\t\t\t<section class=\"elementor-section elementor-top-section elementor-element elementor-element-99b8c45 elementor-section-boxed elementor-section-height-default elementor-section-height-default\" data-id=\"99b8c45\" data-element_type=\"section\">\n\t\t\t\t\t\t<div class=\"elementor-container elementor-column-gap-default\">\n\t\t\t\t\t<div class=\"elementor-column elementor-col-100 elementor-top-column elementor-element elementor-element-a5b39a9\" data-id=\"a5b39a9\" data-element_type=\"column\">\n\t\t\t<div class=\"elementor-widget-wrap elementor-element-populated\">\n\t\t\t\t\t\t\t\t<div class=\"elementor-element elementor-element-a083aa6 elementor-widget elementor-widget-heading\" data-id=\"a083aa6\" data-element_type=\"widget\" data-widget_type=\"heading.default\">\n\t\t\t\t<div class=\"elementor-widget-container\">\n\t\t\t<style>\/*! elementor - v3.15.0 - 09-08-2023 *\/\n.elementor-heading-title{padding:0;margin:0;line-height:1}.elementor-widget-heading .elementor-heading-title[class*=elementor-size-]>a{color:inherit;font-size:inherit;line-height:inherit}.elementor-widget-heading .elementor-heading-title.elementor-size-small{font-size:15px}.elementor-widget-heading .elementor-heading-title.elementor-size-medium{font-size:19px}.elementor-widget-heading .elementor-heading-title.elementor-size-large{font-size:29px}.elementor-widget-heading .elementor-heading-title.elementor-size-xl{font-size:39px}.elementor-widget-heading .elementor-heading-title.elementor-size-xxl{font-size:59px}<\/style><h1 class=\"elementor-heading-title elementor-size-default\">RESPONSABILIDAD SOCIAL\n<\/h1>\t\t<\/div>\n\t\t\t\t<\/div>\n\t\t\t\t<div class=\"elementor-element elementor-element-021b930 elementor-widget elementor-widget-image\" data-id=\"021b930\" data-element_type=\"widget\" data-widget_type=\"image.default\">\n\t\t\t\t<div class=\"elementor-widget-container\">\n\t\t\t<style>\/*! elementor - v3.15.0 - 09-08-2023 *\/\n.elementor-widget-image{text-align:center}.elementor-widget-image a{display:inline-block}.elementor-widget-image a img[src$=\".svg\"]{width:48px}.elementor-widget-image img{vertical-align:middle;display:inline-block}<\/style>\t\t\t\t\t\t\t\t\t\t\t\t<img loading=\"lazy\" decoding=\"async\" width=\"1415\" height=\"820\" src=\"https:\/\/misterspecialties.com\/wp-content\/uploads\/2022\/03\/RECURSO-WEB-58.png\" class=\"attachment-full size-full wp-image-545\" alt=\"\" srcset=\"https:\/\/misterspecialties.com\/wp-content\/uploads\/2022\/03\/RECURSO-WEB-58.png 1415w, https:\/\/misterspecialties.com\/wp-content\/uploads\/2022\/03\/RECURSO-WEB-58-300x174.png 300w, https:\/\/misterspecialties.com\/wp-content\/uploads\/2022\/03\/RECURSO-WEB-58-1024x593.png 1024w, https:\/\/misterspecialties.com\/wp-content\/uploads\/2022\/03\/RECURSO-WEB-58-768x445.png 768w, https:\/\/misterspecialties.com\/wp-content\/uploads\/2022\/03\/RECURSO-WEB-58-920x533.png 920w, https:\/\/misterspecialties.com\/wp-content\/uploads\/2022\/03\/RECURSO-WEB-58-230x133.png 230w, https:\/\/misterspecialties.com\/wp-content\/uploads\/2022\/03\/RECURSO-WEB-58-350x203.png 350w, https:\/\/misterspecialties.com\/wp-content\/uploads\/2022\/03\/RECURSO-WEB-58-480x278.png 480w\" sizes=\"auto, (max-width: 1415px) 100vw, 1415px\" \/>\t\t\t\t\t\t\t\t\t\t\t\t\t\t\t<\/div>\n\t\t\t\t<\/div>\n\t\t\t\t\t<\/div>\n\t\t<\/div>\n\t\t\t\t\t\t\t<\/div>\n\t\t<\/section>\n\t\t\t\t<section class=\"elementor-section elementor-top-section elementor-element elementor-element-6c4e363 elementor-section-boxed elementor-section-height-default elementor-section-height-default\" data-id=\"6c4e363\" data-element_type=\"section\">\n\t\t\t\t\t\t<div class=\"elementor-container elementor-column-gap-default\">\n\t\t\t\t\t<div class=\"elementor-column elementor-col-100 elementor-top-column elementor-element elementor-element-f882378\" data-id=\"f882378\" data-element_type=\"column\">\n\t\t\t<div class=\"elementor-widget-wrap elementor-element-populated\">\n\t\t\t\t\t\t\t\t<div class=\"elementor-element elementor-element-94a0dd2 elementor-widget elementor-widget-spacer\" data-id=\"94a0dd2\" data-element_type=\"widget\" data-widget_type=\"spacer.default\">\n\t\t\t\t<div class=\"elementor-widget-container\">\n\t\t\t<style>\/*! elementor - v3.15.0 - 09-08-2023 *\/\n.elementor-column .elementor-spacer-inner{height:var(--spacer-size)}.e-con{--container-widget-width:100%}.e-con-inner>.elementor-widget-spacer,.e-con>.elementor-widget-spacer{width:var(--container-widget-width,var(--spacer-size));--align-self:var(--container-widget-align-self,initial);--flex-shrink:0}.e-con-inner>.elementor-widget-spacer>.elementor-widget-container,.e-con-inner>.elementor-widget-spacer>.elementor-widget-container>.elementor-spacer,.e-con>.elementor-widget-spacer>.elementor-widget-container,.e-con>.elementor-widget-spacer>.elementor-widget-container>.elementor-spacer{height:100%}.e-con-inner>.elementor-widget-spacer>.elementor-widget-container>.elementor-spacer>.elementor-spacer-inner,.e-con>.elementor-widget-spacer>.elementor-widget-container>.elementor-spacer>.elementor-spacer-inner{height:var(--container-widget-height,var(--spacer-size))}<\/style>\t\t<div class=\"elementor-spacer\">\n\t\t\t<div class=\"elementor-spacer-inner\"><\/div>\n\t\t<\/div>\n\t\t\t\t<\/div>\n\t\t\t\t<\/div>\n\t\t\t\t<div class=\"elementor-element elementor-element-e3f9487 elementor-widget elementor-widget-text-editor\" data-id=\"e3f9487\" data-element_type=\"widget\" data-widget_type=\"text-editor.default\">\n\t\t\t\t<div class=\"elementor-widget-container\">\n\t\t\t<style>\/*! elementor - v3.15.0 - 09-08-2023 *\/\n.elementor-widget-text-editor.elementor-drop-cap-view-stacked .elementor-drop-cap{background-color:#69727d;color:#fff}.elementor-widget-text-editor.elementor-drop-cap-view-framed .elementor-drop-cap{color:#69727d;border:3px solid;background-color:transparent}.elementor-widget-text-editor:not(.elementor-drop-cap-view-default) .elementor-drop-cap{margin-top:8px}.elementor-widget-text-editor:not(.elementor-drop-cap-view-default) .elementor-drop-cap-letter{width:1em;height:1em}.elementor-widget-text-editor .elementor-drop-cap{float:left;text-align:center;line-height:1;font-size:50px}.elementor-widget-text-editor .elementor-drop-cap-letter{display:inline-block}<\/style>\t\t\t\t<p>Nuestro agradecimiento es para el campo y su gente, pues nos proveen de productos frescos para alimentar al mundo. A trav\u00e9s de nuestra participaci\u00f3n en diferentes obras sociales, hallamos la forma de contribuir a las comunidades que habitan en nuestras \u00e1reas de operaci\u00f3n ubicadas en zonas rurales.<\/p><p>Creemos en promover e incentivar la cultura de agradecimiento y solidaridad a lo largo de la cadena. Nuestros accionistas y colaboradores hacen parte de un programa de donaciones, que tiene como finalidad ejecutar proyectos que mejoren la calidad de vida de las comunidades.<\/p><p><strong>1.<\/strong> Durante la pandemia de Covid 19, contribuimos con la donaci\u00f3n de mercados en la zona rural de Tolima, en la cual m\u00e1s de 20 familias se vieron beneficiadas.<\/p><p><strong>2.<\/strong> Desde Mister Specialties, adelantamos una labor humanitaria con la donaci\u00f3n de USD $1.190 al Hogar San Antonio de las Hermanitas de los Ancianos Desamparados, quienes atienden a adultos mayores en situaci\u00f3n de calle. Con esta donaci\u00f3n fue posible comprar alimentos y medicamentos necesarios para mejorar la calidad de vida de los residentes.<\/p>\t\t\t\t\t\t<\/div>\n\t\t\t\t<\/div>\n\t\t\t\t<div class=\"elementor-element elementor-element-7e86f18 elementor-widget elementor-widget-spacer\" data-id=\"7e86f18\" data-element_type=\"widget\" data-widget_type=\"spacer.default\">\n\t\t\t\t<div class=\"elementor-widget-container\">\n\t\t\t\t\t<div class=\"elementor-spacer\">\n\t\t\t<div class=\"elementor-spacer-inner\"><\/div>\n\t\t<\/div>\n\t\t\t\t<\/div>\n\t\t\t\t<\/div>\n\t\t\t\t\t<\/div>\n\t\t<\/div>\n\t\t\t\t\t\t\t<\/div>\n\t\t<\/section>\n\t\t\t\t<section class=\"elementor-section elementor-top-section elementor-element elementor-element-b3fd9ba elementor-section-boxed elementor-section-height-default elementor-section-height-default\" data-id=\"b3fd9ba\" data-element_type=\"section\">\n\t\t\t\t\t\t<div class=\"elementor-container elementor-column-gap-default\">\n\t\t\t\t\t<div class=\"elementor-column elementor-col-100 elementor-top-column elementor-element elementor-element-1adfda0\" data-id=\"1adfda0\" data-element_type=\"column\" data-settings=\"{&quot;background_background&quot;:&quot;classic&quot;}\">\n\t\t\t<div class=\"elementor-widget-wrap elementor-element-populated\">\n\t\t\t\t\t\t\t\t<div class=\"elementor-element elementor-element-1458fb6 elementor-widget elementor-widget-image\" data-id=\"1458fb6\" data-element_type=\"widget\" data-widget_type=\"image.default\">\n\t\t\t\t<div class=\"elementor-widget-container\">\n\t\t\t\t\t\t\t\t\t\t\t\t\t\t\t<img loading=\"lazy\" decoding=\"async\" width=\"1415\" height=\"820\" src=\"https:\/\/misterspecialties.com\/wp-content\/uploads\/2022\/03\/RECURSO-WEB-59.png\" class=\"attachment-full size-full wp-image-546\" alt=\"\" srcset=\"https:\/\/misterspecialties.com\/wp-content\/uploads\/2022\/03\/RECURSO-WEB-59.png 1415w, https:\/\/misterspecialties.com\/wp-content\/uploads\/2022\/03\/RECURSO-WEB-59-300x174.png 300w, https:\/\/misterspecialties.com\/wp-content\/uploads\/2022\/03\/RECURSO-WEB-59-1024x593.png 1024w, https:\/\/misterspecialties.com\/wp-content\/uploads\/2022\/03\/RECURSO-WEB-59-768x445.png 768w, https:\/\/misterspecialties.com\/wp-content\/uploads\/2022\/03\/RECURSO-WEB-59-920x533.png 920w, https:\/\/misterspecialties.com\/wp-content\/uploads\/2022\/03\/RECURSO-WEB-59-230x133.png 230w, https:\/\/misterspecialties.com\/wp-content\/uploads\/2022\/03\/RECURSO-WEB-59-350x203.png 350w, https:\/\/misterspecialties.com\/wp-content\/uploads\/2022\/03\/RECURSO-WEB-59-480x278.png 480w\" sizes=\"auto, (max-width: 1415px) 100vw, 1415px\" \/>\t\t\t\t\t\t\t\t\t\t\t\t\t\t\t<\/div>\n\t\t\t\t<\/div>\n\t\t\t\t\t<\/div>\n\t\t<\/div>\n\t\t\t\t\t\t\t<\/div>\n\t\t<\/section>\n\t\t\t\t<section class=\"elementor-section elementor-top-section elementor-element elementor-element-71d3bf5 elementor-section-boxed elementor-section-height-default elementor-section-height-default\" data-id=\"71d3bf5\" data-element_type=\"section\">\n\t\t\t\t\t\t<div class=\"elementor-container elementor-column-gap-default\">\n\t\t\t\t\t<div class=\"elementor-column elementor-col-50 elementor-top-column elementor-element elementor-element-cf15bd7\" data-id=\"cf15bd7\" data-element_type=\"column\">\n\t\t\t<div class=\"elementor-widget-wrap elementor-element-populated\">\n\t\t\t\t\t\t\t\t<div class=\"elementor-element elementor-element-a63f48f elementor-widget elementor-widget-image\" data-id=\"a63f48f\" data-element_type=\"widget\" data-widget_type=\"image.default\">\n\t\t\t\t<div class=\"elementor-widget-container\">\n\t\t\t\t\t\t\t\t\t\t\t\t\t\t\t\t<a href=\"https:\/\/www.usda.gov\/\" target=\"_blank\">\n\t\t\t\t\t\t\t<img loading=\"lazy\" decoding=\"async\" width=\"150\" height=\"150\" src=\"https:\/\/misterspecialties.com\/wp-content\/uploads\/2022\/03\/RECURSO-WEB-56-150x150.png\" class=\"attachment-thumbnail size-thumbnail wp-image-374\" alt=\"\" srcset=\"https:\/\/misterspecialties.com\/wp-content\/uploads\/2022\/03\/RECURSO-WEB-56-150x150.png 150w, https:\/\/misterspecialties.com\/wp-content\/uploads\/2022\/03\/RECURSO-WEB-56.png 153w\" sizes=\"auto, (max-width: 150px) 100vw, 150px\" \/>\t\t\t\t\t\t\t\t<\/a>\n\t\t\t\t\t\t\t\t\t\t\t\t\t\t\t<\/div>\n\t\t\t\t<\/div>\n\t\t\t\t\t<\/div>\n\t\t<\/div>\n\t\t\t\t<div class=\"elementor-column elementor-col-50 elementor-top-column elementor-element elementor-element-ae034ec\" data-id=\"ae034ec\" data-element_type=\"column\">\n\t\t\t<div class=\"elementor-widget-wrap elementor-element-populated\">\n\t\t\t\t\t\t\t\t<div class=\"elementor-element elementor-element-d628410 elementor-widget elementor-widget-image\" data-id=\"d628410\" data-element_type=\"widget\" data-widget_type=\"image.default\">\n\t\t\t\t<div class=\"elementor-widget-container\">\n\t\t\t\t\t\t\t\t\t\t\t\t\t\t\t<img loading=\"lazy\" decoding=\"async\" width=\"150\" height=\"150\" src=\"https:\/\/misterspecialties.com\/wp-content\/uploads\/2022\/03\/RECURSO-WEB-57-150x150.png\" class=\"attachment-thumbnail size-thumbnail wp-image-375\" alt=\"\" srcset=\"https:\/\/misterspecialties.com\/wp-content\/uploads\/2022\/03\/RECURSO-WEB-57-150x150.png 150w, https:\/\/misterspecialties.com\/wp-content\/uploads\/2022\/03\/RECURSO-WEB-57.png 153w\" sizes=\"auto, (max-width: 150px) 100vw, 150px\" \/>\t\t\t\t\t\t\t\t\t\t\t\t\t\t\t<\/div>\n\t\t\t\t<\/div>\n\t\t\t\t\t<\/div>\n\t\t<\/div>\n\t\t\t\t\t\t\t<\/div>\n\t\t<\/section>\n\t\t\t\t<section class=\"elementor-section elementor-top-section elementor-element elementor-element-1a28cf2 elementor-section-boxed elementor-section-height-default elementor-section-height-default\" data-id=\"1a28cf2\" data-element_type=\"section\">\n\t\t\t\t\t\t<div class=\"elementor-container elementor-column-gap-default\">\n\t\t\t\t\t<div class=\"elementor-column elementor-col-100 elementor-top-column elementor-element elementor-element-c66b95a\" data-id=\"c66b95a\" data-element_type=\"column\">\n\t\t\t<div class=\"elementor-widget-wrap elementor-element-populated\">\n\t\t\t\t\t\t\t\t<div class=\"elementor-element elementor-element-3961292 elementor-widget elementor-widget-text-editor\" data-id=\"3961292\" data-element_type=\"widget\" data-widget_type=\"text-editor.default\">\n\t\t\t\t<div class=\"elementor-widget-container\">\n\t\t\t\t\t\t\t<p>Certified Organic Handler<\/p>\t\t\t\t\t\t<\/div>\n\t\t\t\t<\/div>\n\t\t\t\t\t<\/div>\n\t\t<\/div>\n\t\t\t\t\t\t\t<\/div>\n\t\t<\/section>\n\t\t\t\t\t\t\t<\/div>","protected":false},"excerpt":{"rendered":"<p>SOCIAL RESPONSABILITY Our thanks go to the countryside and its people, as they provide us with fresh produce to feed the world. [&hellip;]<\/p>","protected":false},"author":1,"featured_media":0,"parent":0,"menu_order":0,"comment_status":"closed","ping_status":"closed","template":"elementor_canvas","meta":{"footnotes":""},"class_list":["post-543","page","type-page","status-publish","hentry"],"_links":{"self":[{"href":"https:\/\/misterspecialties.com\/es\/wp-json\/wp\/v2\/pages\/543","targetHints":{"allow":["GET"]}}],"collection":[{"href":"https:\/\/misterspecialties.com\/es\/wp-json\/wp\/v2\/pages"}],"about":[{"href":"https:\/\/misterspecialties.com\/es\/wp-json\/wp\/v2\/types\/page"}],"author":[{"embeddable":true,"href":"https:\/\/misterspecialties.com\/es\/wp-json\/wp\/v2\/users\/1"}],"replies":[{"embeddable":true,"href":"https:\/\/misterspecialties.com\/es\/wp-json\/wp\/v2\/comments?post=543"}],"version-history":[{"count":23,"href":"https:\/\/misterspecialties.com\/es\/wp-json\/wp\/v2\/pages\/543\/revisions"}],"predecessor-version":[{"id":1655,"href":"https:\/\/misterspecialties.com\/es\/wp-json\/wp\/v2\/pages\/543\/revisions\/1655"}],"wp:attachment":[{"href":"https:\/\/misterspecialties.com\/es\/wp-json\/wp\/v2\/media?parent=543"}],"curies":[{"name":"wp","href":"https:\/\/api.w.org\/{rel}","templated":true}]}}